{"id":66,"date":"2024-09-07T16:23:29","date_gmt":"2024-09-07T13:23:29","guid":{"rendered":"https:\/\/www.ararat-travel.com\/?page_id=66"},"modified":"2025-01-21T12:36:28","modified_gmt":"2025-01-21T11:36:28","slug":"kontakt","status":"publish","type":"page","link":"https:\/\/www.ararat-travel.com\/de\/kontakt\/","title":{"rendered":"Kontakt"},"content":{"rendered":"<p><iframe src=\"https:\/\/www.google.com\/maps\/embed?pb=!1m17!1m12!1m3!1d3076.449944917616!2d44.051787084328005!3d39.54946103473467!2m3!1f0!2f0!3f0!3m2!1i1024!2i768!4f13.1!3m2!1m1!2zMznCsDMyJzU4LjEiTiA0NMKwMDMnMjQuMCJF!5e0!3m2!1str!2str!4v1737459367807!5m2!1str!2str\" width=\"900\" height=\"600\" style=\"border:0;\" allowfullscreen=\"\" loading=\"lazy\" referrerpolicy=\"no-referrer-when-downgrade\"><\/iframe>ame&gt;<\/p>\n<p>&nbsp;<\/p>\n\r\n\r\n\r\n<div class=\"wp-block-columns has-2-columns is-layout-flex wp-container-core-columns-is-layout-9d6595d7 wp-block-columns-is-layout-flex\">\r\n<div class=\"wp-block-column is-layout-flow wp-block-column-is-layout-flow\">\r\n<p>&nbsp;<\/p>\r\n\r\n\r\n\r\n<h3 class=\"wp-block-heading\">Ararat Reisekontaktinformationen\u00a0<\/h3>\r\n\r\n\r\n\r\n<p><strong>Adresse:<\/strong> ;Vatan Mahallesi \u00c7evreyolu Bulv. Nr.:589\/A Do\u011fubayaz\u0131t \/ A\u011fr\u0131 T\u00fcrkiye<\/p>\r\n\r\n\r\n\r\n\r\n\r\n<p><strong>GSM<\/strong>: <a href=\"tel:+905423515101\">+90 542 351 51 01<\/a><\/p>\r\n\r\n\r\n\r\n<p><strong>E-Mail:<\/strong> <a href=\"mailto:info@ararat-travel.com\">info@ararat-travel.com<\/a><\/p>\r\n<\/div>\r\n\r\n\r\n\r\n<div class=\"wp-block-column is-layout-flow wp-block-column-is-layout-flow\">\r\n<p>&nbsp;<\/p>\r\n\r\n\r\n\r\n<h3 class=\"wp-block-heading\">Kontaktformular:<\/h3>\r\n\r\n\r\n\n<div class=\"wpcf7 no-js\" id=\"wpcf7-f15-o1\" lang=\"tr-TR\" dir=\"ltr\" data-wpcf7-id=\"15\">\n<div class=\"screen-reader-response\"><p role=\"status\" aria-live=\"polite\" aria-atomic=\"true\"><\/p> <ul><\/ul><\/div>\n<form action=\"\/de\/wp-json\/wp\/v2\/pages\/66#wpcf7-f15-o1\" method=\"post\" class=\"wpcf7-form init\" aria-label=\"\u0130leti\u015fim Formu\" novalidate=\"novalidate\" data-status=\"init\" data-trp-original-action=\"\/de\/wp-json\/wp\/v2\/pages\/66#wpcf7-f15-o1\">\n<fieldset class=\"hidden-fields-container\"><input type=\"hidden\" name=\"_wpcf7\" value=\"15\" \/><input type=\"hidden\" name=\"_wpcf7_version\" value=\"6.1.5\" \/><input type=\"hidden\" name=\"_wpcf7_locale\" value=\"tr_TR\" \/><input type=\"hidden\" name=\"_wpcf7_unit_tag\" value=\"wpcf7-f15-o1\" \/><input type=\"hidden\" name=\"_wpcf7_container_post\" value=\"0\" \/><input type=\"hidden\" name=\"_wpcf7_posted_data_hash\" value=\"\" \/>\n<\/fieldset>\n<p><label> Ihr Name (erforderlich)<br \/>\n<span class=\"wpcf7-form-control-wrap\" data-name=\"adiniz\"><input size=\"40\" maxlength=\"400\" class=\"wpcf7-form-control wpcf7-text wpcf7-validates-as-required\" aria-required=\"true\" aria-invalid=\"false\" value=\"\" type=\"text\" name=\"adiniz\" \/><\/span> <\/label>\n<\/p>\n<p><label> Ihre E-Mail-Adresse<br \/>\n<span class=\"wpcf7-form-control-wrap\" data-name=\"e-posta\"><input size=\"40\" maxlength=\"400\" class=\"wpcf7-form-control wpcf7-email wpcf7-text wpcf7-validates-as-email\" aria-invalid=\"false\" value=\"\" type=\"email\" name=\"e-posta\" \/><\/span> <\/label>\n<\/p>\n<p><label> Ihre Telefonnummer<br \/>\n<span class=\"wpcf7-form-control-wrap\" data-name=\"telefon\"><input size=\"40\" maxlength=\"400\" class=\"wpcf7-form-control wpcf7-tel wpcf7-validates-as-required wpcf7-text wpcf7-validates-as-tel\" aria-required=\"true\" aria-invalid=\"false\" value=\"\" type=\"tel\" name=\"telefon\" \/><\/span> <\/label>\n<\/p>\n<p><label> Thema<br \/>\n<span class=\"wpcf7-form-control-wrap\" data-name=\"konu\"><input size=\"40\" maxlength=\"400\" class=\"wpcf7-form-control wpcf7-text\" aria-invalid=\"false\" value=\"\" type=\"text\" name=\"konu\" \/><\/span> <\/label>\n<\/p>\n<p><label> Ihre Nachricht (erforderlich)<br \/>\n<span class=\"wpcf7-form-control-wrap\" data-name=\"mesajiniz\"><textarea cols=\"40\" rows=\"10\" maxlength=\"2000\" class=\"wpcf7-form-control wpcf7-textarea wpcf7-validates-as-required\" aria-required=\"true\" aria-invalid=\"false\" name=\"mesajiniz\"><\/textarea><\/span> <\/label>\n<\/p>\n<p><input class=\"wpcf7-form-control wpcf7-submit has-spinner\" type=\"submit\" value=\"Schicken\" \/>\n<\/p><div class=\"wpcf7-response-output\" aria-hidden=\"true\"><\/div>\n<input type=\"hidden\" name=\"trp-form-language\" value=\"de\"\/><\/form>\n<\/div>\n\n<\/div>\r\n<\/div>","protected":false},"excerpt":{"rendered":"<p>&nbsp; Informaci\u00f3n De Contacto Ararat Travel\u00a0 Direccion: ;Vatan Mahallesi \u00c7evreyolu Bulv. No:589\/A Do\u011fubayaz\u0131t \/ A\u011fr\u0131 T\u00fcrkiye GSM: +90 542 351 51 01 Correo electr\u00f3nico: info@ararat-travel.com &nbsp; Formulario De Contacto:<\/p>","protected":false},"author":1,"featured_media":0,"parent":0,"menu_order":0,"comment_status":"closed","ping_status":"closed","template":"","meta":{"footnotes":""},"class_list":["post-66","page","type-page","status-publish","hentry"],"yoast_head":"<!-- This site is optimized with the Yoast SEO plugin v27.3 - https:\/\/yoast.com\/product\/yoast-seo-wordpress\/ -->\n<title>Contacto Ararat Travel Agencia de Local monte Ararat<\/title>\n<meta name=\"description\" content=\"Formulario Contacto Ararat Travel Agencia de local monte Ararat mejores servicio y con precios razonables para viajes Turquia Monte Ararat\" \/>\n<meta name=\"robots\" content=\"index, follow, max-snippet:-1, max-image-preview:large, max-video-preview:-1\" \/>\n<link rel=\"canonical\" href=\"https:\/\/www.ararat-travel.com\/de\/kontakt\/\" \/>\n<meta property=\"og:locale\" content=\"de_DE\" \/>\n<meta property=\"og:type\" content=\"article\" \/>\n<meta property=\"og:title\" content=\"Contacto Ararat Travel Agencia de Local monte Ararat\" \/>\n<meta property=\"og:description\" content=\"Formulario Contacto Ararat Travel Agencia de local monte Ararat mejores servicio y con precios razonables para viajes Turquia Monte Ararat\" \/>\n<meta property=\"og:url\" content=\"https:\/\/www.ararat-travel.com\/de\/kontakt\/\" \/>\n<meta property=\"og:site_name\" content=\"Expedici\u00f3n y trekking al monte Ararat\" \/>\n<meta property=\"article:modified_time\" content=\"2025-01-21T11:36:28+00:00\" \/>\n<meta name=\"twitter:card\" content=\"summary_large_image\" \/>\n<meta name=\"twitter:label1\" content=\"Gesch\u00e4tzte Lesezeit\" \/>\n\t<meta name=\"twitter:data1\" content=\"1\u00a0Minute\" \/>\n<script type=\"application\/ld+json\" class=\"yoast-schema-graph\">{\"@context\":\"https:\\\/\\\/schema.org\",\"@graph\":[{\"@type\":\"WebPage\",\"@id\":\"https:\\\/\\\/www.ararat-travel.com\\\/de\\\/kontakt\\\/\",\"url\":\"https:\\\/\\\/www.ararat-travel.com\\\/de\\\/kontakt\\\/\",\"name\":\"Contacto Ararat Travel Agencia de Local monte Ararat\",\"isPartOf\":{\"@id\":\"https:\\\/\\\/www.ararat-travel.com\\\/de\\\/#website\"},\"datePublished\":\"2024-09-07T13:23:29+00:00\",\"dateModified\":\"2025-01-21T11:36:28+00:00\",\"description\":\"Formulario Contacto Ararat Travel Agencia de local monte Ararat mejores servicio y con precios razonables para viajes Turquia Monte Ararat\",\"breadcrumb\":{\"@id\":\"https:\\\/\\\/www.ararat-travel.com\\\/de\\\/kontakt\\\/#breadcrumb\"},\"inLanguage\":\"de\",\"potentialAction\":[{\"@type\":\"ReadAction\",\"target\":[\"https:\\\/\\\/www.ararat-travel.com\\\/de\\\/kontakt\\\/\"]}]},{\"@type\":\"BreadcrumbList\",\"@id\":\"https:\\\/\\\/www.ararat-travel.com\\\/de\\\/kontakt\\\/#breadcrumb\",\"itemListElement\":[{\"@type\":\"ListItem\",\"position\":1,\"name\":\"Anasayfa\",\"item\":\"https:\\\/\\\/www.ararat-travel.com\\\/de\\\/\"},{\"@type\":\"ListItem\",\"position\":2,\"name\":\"Contacto\"}]},{\"@type\":\"WebSite\",\"@id\":\"https:\\\/\\\/www.ararat-travel.com\\\/de\\\/#website\",\"url\":\"https:\\\/\\\/www.ararat-travel.com\\\/de\\\/\",\"name\":\"Expedici\u00f3n y trekking al monte Ararat\",\"description\":\"Ararat Travel\",\"potentialAction\":[{\"@type\":\"SearchAction\",\"target\":{\"@type\":\"EntryPoint\",\"urlTemplate\":\"https:\\\/\\\/www.ararat-travel.com\\\/de\\\/?s={search_term_string}\"},\"query-input\":{\"@type\":\"PropertyValueSpecification\",\"valueRequired\":true,\"valueName\":\"search_term_string\"}}],\"inLanguage\":\"de\"}]}<\/script>\n<!-- \/ Yoast SEO plugin. -->","yoast_head_json":{"title":"Kontaktieren Sie die lokale Reiseagentur Ararat Travel am Berg Ararat.","description":"Ararat Reise-Kontaktformular \u2013 Lokale Agentur bietet besten Service und g\u00fcnstige Preise f\u00fcr Reisen zum Berg Ararat in der T\u00fcrkei.","robots":{"index":"index","follow":"follow","max-snippet":"max-snippet:-1","max-image-preview":"max-image-preview:large","max-video-preview":"max-video-preview:-1"},"canonical":"https:\/\/www.ararat-travel.com\/de\/kontakt\/","og_locale":"de_DE","og_type":"article","og_title":"Contacto Ararat Travel Agencia de Local monte Ararat","og_description":"Formulario Contacto Ararat Travel Agencia de local monte Ararat mejores servicio y con precios razonables para viajes Turquia Monte Ararat","og_url":"https:\/\/www.ararat-travel.com\/de\/kontakt\/","og_site_name":"Expedici\u00f3n y trekking al monte Ararat","article_modified_time":"2025-01-21T11:36:28+00:00","twitter_card":"summary_large_image","twitter_misc":{"Gesch\u00e4tzte Lesezeit":"1\u00a0Minute"},"schema":{"@context":"https:\/\/schema.org","@graph":[{"@type":"WebPage","@id":"https:\/\/www.ararat-travel.com\/de\/kontakt\/","url":"https:\/\/www.ararat-travel.com\/de\/kontakt\/","name":"Kontaktieren Sie die lokale Reiseagentur Ararat Travel am Berg Ararat.","isPartOf":{"@id":"https:\/\/www.ararat-travel.com\/de\/#website"},"datePublished":"2024-09-07T13:23:29+00:00","dateModified":"2025-01-21T11:36:28+00:00","description":"Ararat Reise-Kontaktformular \u2013 Lokale Agentur bietet besten Service und g\u00fcnstige Preise f\u00fcr Reisen zum Berg Ararat in der T\u00fcrkei.","breadcrumb":{"@id":"https:\/\/www.ararat-travel.com\/de\/kontakt\/#breadcrumb"},"inLanguage":"de","potentialAction":[{"@type":"ReadAction","target":["https:\/\/www.ararat-travel.com\/de\/kontakt\/"]}]},{"@type":"BreadcrumbList","@id":"https:\/\/www.ararat-travel.com\/de\/kontakt\/#breadcrumb","itemListElement":[{"@type":"ListItem","position":1,"name":"Anasayfa","item":"https:\/\/www.ararat-travel.com\/de\/"},{"@type":"ListItem","position":2,"name":"Contacto"}]},{"@type":"WebSite","@id":"https:\/\/www.ararat-travel.com\/de\/#website","url":"https:\/\/www.ararat-travel.com\/de\/","name":"Expedition und Trekking zum Berg Ararat","description":"Ararat Reisen","potentialAction":[{"@type":"SearchAction","target":{"@type":"EntryPoint","urlTemplate":"https:\/\/www.ararat-travel.com\/de\/?s={search_term_string}"},"query-input":{"@type":"PropertyValueSpecification","valueRequired":true,"valueName":"search_term_string"}}],"inLanguage":"de"}]}},"_links":{"self":[{"href":"https:\/\/www.ararat-travel.com\/de\/wp-json\/wp\/v2\/pages\/66","targetHints":{"allow":["GET"]}}],"collection":[{"href":"https:\/\/www.ararat-travel.com\/de\/wp-json\/wp\/v2\/pages"}],"about":[{"href":"https:\/\/www.ararat-travel.com\/de\/wp-json\/wp\/v2\/types\/page"}],"author":[{"embeddable":true,"href":"https:\/\/www.ararat-travel.com\/de\/wp-json\/wp\/v2\/users\/1"}],"replies":[{"embeddable":true,"href":"https:\/\/www.ararat-travel.com\/de\/wp-json\/wp\/v2\/comments?post=66"}],"version-history":[{"count":0,"href":"https:\/\/www.ararat-travel.com\/de\/wp-json\/wp\/v2\/pages\/66\/revisions"}],"wp:attachment":[{"href":"https:\/\/www.ararat-travel.com\/de\/wp-json\/wp\/v2\/media?parent=66"}],"curies":[{"name":"wp","href":"https:\/\/api.w.org\/{rel}","templated":true}]}}