{"id":69,"date":"2024-09-07T16:24:14","date_gmt":"2024-09-07T13:24:14","guid":{"rendered":"https:\/\/www.ararat-travel.com\/?page_id=69"},"modified":"2024-10-16T18:54:13","modified_gmt":"2024-10-16T16:54:13","slug":"ararat-wanderung","status":"publish","type":"page","link":"https:\/\/www.ararat-travel.com\/de\/ararat-wanderung\/","title":{"rendered":"\u00dcber uns"},"content":{"rendered":"<h5><\/h5>\n<h5>Entdecken Sie die wunderbaren Aspekte des Berges Ararat<\/h5>\n<p>Willkommen bei Ararat Trek Travel Agency. Wir sind ein Reiseb\u00fcro, das sich auf Trekking- und Bergtouren am ber\u00fchmten Berg Ararat spezialisiert hat, der zwischen der T\u00fcrkei, Armenien und dem Iran liegt.<\/p>\n<p>&nbsp;<\/p>\n<p>Wir sind ein Unternehmen, das Ski- und Trekkingreisen in die T\u00fcrkei organisiert. Unser B\u00fcro befindet sich in Do\u011fubeyaz\u0131t, dem Dorf in der N\u00e4he des Berges Ararat. Sie k\u00f6nnen uns aber auch von Spanien aus erreichen, da einer unserer Guides dort lebt. Wir sprechen Englisch und Spanisch. Da wir aus Do\u011fubeyaz\u0131t stammen, sind T\u00fcrkisch und Kurdisch unsere Muttersprachen. So k\u00f6nnen wir auch unvorhergesehene Probleme w\u00e4hrend unserer Touren l\u00f6sen. Gerne organisieren wir auch individuelle Touren, falls unsere Standardangebote nicht Ihren W\u00fcnschen entsprechen. Teilen Sie uns einfach Ihre Vorstellungen mit, und wir versuchen, sie umzusetzen. F\u00fcr weitere Informationen kontaktieren Sie uns bitte per E-Mail oder Telefon.<\/p>\n<p>Expedition zum Berg Ararat, Trekking zum Berg Ararat, Besteigung des Berges Ararat, Ararat-Besteigung in der T\u00fcrkei, Skitour zum Berg Ararat, Bergf\u00fchrer f\u00fcr den Berg Ararat, Trekking und Besteigung des Berges Ararat, Bergsteigen, Wandern, Bergtouren in der T\u00fcrkei, Berg Damavand, Berg Suphan, Berg Nemrut, Ski\u00fcberquerung Iran-Armenien, Genehmigung f\u00fcr die Besteigung des Berges Ararat. Wir organisieren die Genehmigungen f\u00fcr die Besteigung des Berges Ararat. Sie m\u00fcssen uns lediglich eine Kopie Ihres Reisepasses per WhatsApp oder E-Mail zusenden. Mit diesen Kopien beantragen wir die Genehmigung f\u00fcr die Besteigung des Berges Ararat.<\/p>\n<p><img fetchpriority=\"high\" decoding=\"async\" class=\"alignnone size-medium wp-image-1610\" src=\"https:\/\/www.ararat-travel.com\/wp-content\/uploads\/IMG_1344-300x168.jpg\" alt=\"Ararat Reisen\" width=\"300\" height=\"168\" srcset=\"https:\/\/www.ararat-travel.com\/wp-content\/uploads\/IMG_1344-300x168.jpg 300w, https:\/\/www.ararat-travel.com\/wp-content\/uploads\/IMG_1344-1024x575.jpg 1024w, https:\/\/www.ararat-travel.com\/wp-content\/uploads\/IMG_1344-1536x862.jpg 1536w, https:\/\/www.ararat-travel.com\/wp-content\/uploads\/IMG_1344-2048x1150.jpg 2048w, https:\/\/www.ararat-travel.com\/wp-content\/uploads\/IMG_1344-18x10.jpg 18w\" sizes=\"(max-width: 300px) 100vw, 300px\" \/><\/p>\n<p>&nbsp;<\/p>","protected":false},"excerpt":{"rendered":"<p>Descubra Los Aspectos Maravillosos De Monte Ararat Bienvenido a Agencia Ararat Trek Travel\u00a0 somos una agencia de viajes especializada en trekking y escalada a la famosa monta\u00f1a Ararat en entre Turqu\u00eda Armenia e Ir\u00e1n. Ararat Travel &nbsp; Somos una; empresa que organiza viajes a Turqu\u00eda esqui y trekking Nuestra oficina est\u00e1 ubicada en Dogubeyazit el <a href=\"https:\/\/www.ararat-travel.com\/de\/ararat-wanderung\/\" class=\"more-link\">\u2026<\/a><\/p>","protected":false},"author":1,"featured_media":0,"parent":0,"menu_order":0,"comment_status":"closed","ping_status":"closed","template":"","meta":{"footnotes":""},"class_list":["post-69","page","type-page","status-publish","hentry"],"yoast_head":"<!-- This site is optimized with the Yoast SEO plugin v27.5 - https:\/\/yoast.com\/product\/yoast-seo-wordpress\/ -->\n<title>Ararat Trek Travel<\/title>\n<meta name=\"description\" content=\"Ararat Trek Travel\u00a0 somos una agencia de viajes especializada en trekking a la famosa monta\u00f1a Ararat en entre Turqu\u00eda Ararat Travel\" \/>\n<meta name=\"robots\" content=\"index, follow, max-snippet:-1, max-image-preview:large, max-video-preview:-1\" \/>\n<link rel=\"canonical\" href=\"https:\/\/www.ararat-travel.com\/de\/ararat-wanderung\/\" \/>\n<meta property=\"og:locale\" content=\"de_DE\" \/>\n<meta property=\"og:type\" content=\"article\" \/>\n<meta property=\"og:title\" content=\"Ararat Trek Travel\" \/>\n<meta property=\"og:description\" content=\"Ararat Trek Travel\u00a0 somos una agencia de viajes especializada en trekking a la famosa monta\u00f1a Ararat en entre Turqu\u00eda Ararat Travel\" \/>\n<meta property=\"og:url\" content=\"https:\/\/www.ararat-travel.com\/de\/ararat-wanderung\/\" \/>\n<meta property=\"og:site_name\" content=\"Expedici\u00f3n y trekking al monte Ararat\" \/>\n<meta property=\"article:modified_time\" content=\"2024-10-16T16:54:13+00:00\" \/>\n<meta property=\"og:image\" content=\"https:\/\/www.ararat-travel.com\/wp-content\/uploads\/IMG_1344-300x168.jpg\" \/>\n<meta name=\"twitter:card\" content=\"summary_large_image\" \/>\n<meta name=\"twitter:label1\" content=\"Gesch\u00e4tzte Lesezeit\" \/>\n\t<meta name=\"twitter:data1\" content=\"2\u00a0Minuten\" \/>\n<script type=\"application\/ld+json\" class=\"yoast-schema-graph\">{\"@context\":\"https:\\\/\\\/schema.org\",\"@graph\":[{\"@type\":\"WebPage\",\"@id\":\"https:\\\/\\\/www.ararat-travel.com\\\/de\\\/ararat-wanderung\\\/\",\"url\":\"https:\\\/\\\/www.ararat-travel.com\\\/de\\\/ararat-wanderung\\\/\",\"name\":\"Ararat Trek Travel\",\"isPartOf\":{\"@id\":\"https:\\\/\\\/www.ararat-travel.com\\\/de\\\/#website\"},\"primaryImageOfPage\":{\"@id\":\"https:\\\/\\\/www.ararat-travel.com\\\/de\\\/ararat-wanderung\\\/#primaryimage\"},\"image\":{\"@id\":\"https:\\\/\\\/www.ararat-travel.com\\\/de\\\/ararat-wanderung\\\/#primaryimage\"},\"thumbnailUrl\":\"https:\\\/\\\/www.ararat-travel.com\\\/wp-content\\\/uploads\\\/IMG_1344-300x168.jpg\",\"datePublished\":\"2024-09-07T13:24:14+00:00\",\"dateModified\":\"2024-10-16T16:54:13+00:00\",\"description\":\"Ararat Trek Travel\u00a0 somos una agencia de viajes especializada en trekking a la famosa monta\u00f1a Ararat en entre Turqu\u00eda Ararat Travel\",\"breadcrumb\":{\"@id\":\"https:\\\/\\\/www.ararat-travel.com\\\/de\\\/ararat-wanderung\\\/#breadcrumb\"},\"inLanguage\":\"de\",\"potentialAction\":[{\"@type\":\"ReadAction\",\"target\":[\"https:\\\/\\\/www.ararat-travel.com\\\/de\\\/ararat-wanderung\\\/\"]}]},{\"@type\":\"ImageObject\",\"inLanguage\":\"de\",\"@id\":\"https:\\\/\\\/www.ararat-travel.com\\\/de\\\/ararat-wanderung\\\/#primaryimage\",\"url\":\"https:\\\/\\\/www.ararat-travel.com\\\/wp-content\\\/uploads\\\/IMG_1344-300x168.jpg\",\"contentUrl\":\"https:\\\/\\\/www.ararat-travel.com\\\/wp-content\\\/uploads\\\/IMG_1344-300x168.jpg\"},{\"@type\":\"BreadcrumbList\",\"@id\":\"https:\\\/\\\/www.ararat-travel.com\\\/de\\\/ararat-wanderung\\\/#breadcrumb\",\"itemListElement\":[{\"@type\":\"ListItem\",\"position\":1,\"name\":\"Anasayfa\",\"item\":\"https:\\\/\\\/www.ararat-travel.com\\\/de\\\/\"},{\"@type\":\"ListItem\",\"position\":2,\"name\":\"sobre de nosotros\"}]},{\"@type\":\"WebSite\",\"@id\":\"https:\\\/\\\/www.ararat-travel.com\\\/de\\\/#website\",\"url\":\"https:\\\/\\\/www.ararat-travel.com\\\/de\\\/\",\"name\":\"Expedici\u00f3n y trekking al monte Ararat\",\"description\":\"Ararat Travel\",\"potentialAction\":[{\"@type\":\"SearchAction\",\"target\":{\"@type\":\"EntryPoint\",\"urlTemplate\":\"https:\\\/\\\/www.ararat-travel.com\\\/de\\\/?s={search_term_string}\"},\"query-input\":{\"@type\":\"PropertyValueSpecification\",\"valueRequired\":true,\"valueName\":\"search_term_string\"}}],\"inLanguage\":\"de\"}]}<\/script>\n<!-- \/ Yoast SEO plugin. -->","yoast_head_json":{"title":"Ararat-Trekkingreise","description":"Ararat Trek Travel ist ein Reiseb\u00fcro, das sich auf Trekkingtouren zum ber\u00fchmten Berg Ararat in der T\u00fcrkei spezialisiert hat.","robots":{"index":"index","follow":"follow","max-snippet":"max-snippet:-1","max-image-preview":"max-image-preview:large","max-video-preview":"max-video-preview:-1"},"canonical":"https:\/\/www.ararat-travel.com\/de\/ararat-wanderung\/","og_locale":"de_DE","og_type":"article","og_title":"Ararat Trek Travel","og_description":"Ararat Trek Travel\u00a0 somos una agencia de viajes especializada en trekking a la famosa monta\u00f1a Ararat en entre Turqu\u00eda Ararat Travel","og_url":"https:\/\/www.ararat-travel.com\/de\/ararat-wanderung\/","og_site_name":"Expedici\u00f3n y trekking al monte Ararat","article_modified_time":"2024-10-16T16:54:13+00:00","og_image":[{"url":"https:\/\/www.ararat-travel.com\/wp-content\/uploads\/IMG_1344-300x168.jpg","type":"","width":"","height":""}],"twitter_card":"summary_large_image","twitter_misc":{"Gesch\u00e4tzte Lesezeit":"2\u00a0Minuten"},"schema":{"@context":"https:\/\/schema.org","@graph":[{"@type":"WebPage","@id":"https:\/\/www.ararat-travel.com\/de\/ararat-wanderung\/","url":"https:\/\/www.ararat-travel.com\/de\/ararat-wanderung\/","name":"Ararat-Trekkingreise","isPartOf":{"@id":"https:\/\/www.ararat-travel.com\/de\/#website"},"primaryImageOfPage":{"@id":"https:\/\/www.ararat-travel.com\/de\/ararat-wanderung\/#primaryimage"},"image":{"@id":"https:\/\/www.ararat-travel.com\/de\/ararat-wanderung\/#primaryimage"},"thumbnailUrl":"https:\/\/www.ararat-travel.com\/wp-content\/uploads\/IMG_1344-300x168.jpg","datePublished":"2024-09-07T13:24:14+00:00","dateModified":"2024-10-16T16:54:13+00:00","description":"Ararat Trek Travel ist ein Reiseb\u00fcro, das sich auf Trekkingtouren zum ber\u00fchmten Berg Ararat in der T\u00fcrkei spezialisiert hat.","breadcrumb":{"@id":"https:\/\/www.ararat-travel.com\/de\/ararat-wanderung\/#breadcrumb"},"inLanguage":"de","potentialAction":[{"@type":"ReadAction","target":["https:\/\/www.ararat-travel.com\/de\/ararat-wanderung\/"]}]},{"@type":"ImageObject","inLanguage":"de","@id":"https:\/\/www.ararat-travel.com\/de\/ararat-wanderung\/#primaryimage","url":"https:\/\/www.ararat-travel.com\/wp-content\/uploads\/IMG_1344-300x168.jpg","contentUrl":"https:\/\/www.ararat-travel.com\/wp-content\/uploads\/IMG_1344-300x168.jpg"},{"@type":"BreadcrumbList","@id":"https:\/\/www.ararat-travel.com\/de\/ararat-wanderung\/#breadcrumb","itemListElement":[{"@type":"ListItem","position":1,"name":"Anasayfa","item":"https:\/\/www.ararat-travel.com\/de\/"},{"@type":"ListItem","position":2,"name":"sobre de nosotros"}]},{"@type":"WebSite","@id":"https:\/\/www.ararat-travel.com\/de\/#website","url":"https:\/\/www.ararat-travel.com\/de\/","name":"Expedition und Trekking zum Berg Ararat","description":"Ararat Reisen","potentialAction":[{"@type":"SearchAction","target":{"@type":"EntryPoint","urlTemplate":"https:\/\/www.ararat-travel.com\/de\/?s={search_term_string}"},"query-input":{"@type":"PropertyValueSpecification","valueRequired":true,"valueName":"search_term_string"}}],"inLanguage":"de"}]}},"_links":{"self":[{"href":"https:\/\/www.ararat-travel.com\/de\/wp-json\/wp\/v2\/pages\/69","targetHints":{"allow":["GET"]}}],"collection":[{"href":"https:\/\/www.ararat-travel.com\/de\/wp-json\/wp\/v2\/pages"}],"about":[{"href":"https:\/\/www.ararat-travel.com\/de\/wp-json\/wp\/v2\/types\/page"}],"author":[{"embeddable":true,"href":"https:\/\/www.ararat-travel.com\/de\/wp-json\/wp\/v2\/users\/1"}],"replies":[{"embeddable":true,"href":"https:\/\/www.ararat-travel.com\/de\/wp-json\/wp\/v2\/comments?post=69"}],"version-history":[{"count":0,"href":"https:\/\/www.ararat-travel.com\/de\/wp-json\/wp\/v2\/pages\/69\/revisions"}],"wp:attachment":[{"href":"https:\/\/www.ararat-travel.com\/de\/wp-json\/wp\/v2\/media?parent=69"}],"curies":[{"name":"wp","href":"https:\/\/api.w.org\/{rel}","templated":true}]}}