{"id":69,"date":"2024-09-07T16:24:14","date_gmt":"2024-09-07T13:24:14","guid":{"rendered":"https:\/\/www.ararat-travel.com\/?page_id=69"},"modified":"2024-10-16T18:54:13","modified_gmt":"2024-10-16T16:54:13","slug":"institutional","status":"publish","type":"page","link":"https:\/\/www.ararat-travel.com\/en\/institutional\/","title":{"rendered":"About Us"},"content":{"rendered":"<h5><\/h5>\n<h5>Discover the Wonderful Aspects of Mount Ararat<\/h5>\n<p>Welcome to Ararat Trek Travel Agency. We are a travel agency specializing in trekking and climbing on the famous Mount Ararat, located between T\u00fcrkiye, Armenia, and Iran.<\/p>\n<p>&nbsp;<\/p>\n<p>We are a company that organizes skiing and trekking trips to Turkey. Our office is located in Dogubeyazit, the village closest to Mount Ararat, although you can also contact us in Spain because one of our guides currently lives there. We speak English and Spanish, and since we are from Dogubeyazit, our native languages are Turkish and Kurdish, which means we can handle any unforeseen issues that may arise during our tours. We also organize customized tours if our standard tours don&#039;t suit your needs; simply tell us your ideas, and we will try to make them happen. For more information, please contact us by email or phone.<\/p>\n<p>Expedition to Mount Ararat, Trekking to Mount Ararat, Ascent of Mount Ararat, Ararat Ascent Turkey, Ski Tour Mount Ararat, Mount Ararat Guide, Trekking and Climbing Mount Ararat, Mountaineering, Hiking, Mountain Trips Turkey, Mount Damavand, Mount Suphan, Mount Nemrut, Ski Crossing Iran Armenia, Mount Ararat Permit. We organize permits for the ascent of Mount Ararat; you only need to send us a photocopy of your passports via WhatsApp or email. With these photocopies, we will request permission for Mount Ararat.<\/p>\n<p><img fetchpriority=\"high\" decoding=\"async\" class=\"alignnone size-medium wp-image-1610\" src=\"https:\/\/www.ararat-travel.com\/wp-content\/uploads\/IMG_1344-300x168.jpg\" alt=\"Ararat Travel\" width=\"300\" height=\"168\" srcset=\"https:\/\/www.ararat-travel.com\/wp-content\/uploads\/IMG_1344-300x168.jpg 300w, https:\/\/www.ararat-travel.com\/wp-content\/uploads\/IMG_1344-1024x575.jpg 1024w, https:\/\/www.ararat-travel.com\/wp-content\/uploads\/IMG_1344-1536x862.jpg 1536w, https:\/\/www.ararat-travel.com\/wp-content\/uploads\/IMG_1344-2048x1150.jpg 2048w, https:\/\/www.ararat-travel.com\/wp-content\/uploads\/IMG_1344-18x10.jpg 18w\" sizes=\"(max-width: 300px) 100vw, 300px\" \/><\/p>\n<p>&nbsp;<\/p>","protected":false},"excerpt":{"rendered":"<p>Descubra Los Aspectos Maravillosos De Monte Ararat Bienvenido a Agencia Ararat Trek Travel\u00a0 somos una agencia de viajes especializada en trekking y escalada a la famosa monta\u00f1a Ararat en entre Turqu\u00eda Armenia e Ir\u00e1n. Ararat Travel &nbsp; Somos una; empresa que organiza viajes a Turqu\u00eda esqui y trekking Nuestra oficina est\u00e1 ubicada en Dogubeyazit el <a href=\"https:\/\/www.ararat-travel.com\/en\/institutional\/\" class=\"more-link\">\u2026<\/a><\/p>","protected":false},"author":1,"featured_media":0,"parent":0,"menu_order":0,"comment_status":"closed","ping_status":"closed","template":"","meta":{"footnotes":""},"class_list":["post-69","page","type-page","status-publish","hentry"],"yoast_head":"<!-- This site is optimized with the Yoast SEO plugin v27.4 - https:\/\/yoast.com\/product\/yoast-seo-wordpress\/ -->\n<title>Ararat Trek Travel<\/title>\n<meta name=\"description\" content=\"Ararat Trek Travel\u00a0 somos una agencia de viajes especializada en trekking a la famosa monta\u00f1a Ararat en entre Turqu\u00eda Ararat Travel\" \/>\n<meta name=\"robots\" content=\"index, follow, max-snippet:-1, max-image-preview:large, max-video-preview:-1\" \/>\n<link rel=\"canonical\" href=\"https:\/\/www.ararat-travel.com\/en\/institutional\/\" \/>\n<meta property=\"og:locale\" content=\"en_US\" \/>\n<meta property=\"og:type\" content=\"article\" \/>\n<meta property=\"og:title\" content=\"Ararat Trek Travel\" \/>\n<meta property=\"og:description\" content=\"Ararat Trek Travel\u00a0 somos una agencia de viajes especializada en trekking a la famosa monta\u00f1a Ararat en entre Turqu\u00eda Ararat Travel\" \/>\n<meta property=\"og:url\" content=\"https:\/\/www.ararat-travel.com\/en\/institutional\/\" \/>\n<meta property=\"og:site_name\" content=\"Expedici\u00f3n y trekking al monte Ararat\" \/>\n<meta property=\"article:modified_time\" content=\"2024-10-16T16:54:13+00:00\" \/>\n<meta property=\"og:image\" content=\"https:\/\/www.ararat-travel.com\/wp-content\/uploads\/IMG_1344-300x168.jpg\" \/>\n<meta name=\"twitter:card\" content=\"summary_large_image\" \/>\n<meta name=\"twitter:label1\" content=\"Est. reading time\" \/>\n\t<meta name=\"twitter:data1\" content=\"2 minutes\" \/>\n<script type=\"application\/ld+json\" class=\"yoast-schema-graph\">{\"@context\":\"https:\\\/\\\/schema.org\",\"@graph\":[{\"@type\":\"WebPage\",\"@id\":\"https:\\\/\\\/www.ararat-travel.com\\\/en\\\/institutional\\\/\",\"url\":\"https:\\\/\\\/www.ararat-travel.com\\\/en\\\/institutional\\\/\",\"name\":\"Ararat Trek Travel\",\"isPartOf\":{\"@id\":\"https:\\\/\\\/www.ararat-travel.com\\\/en\\\/#website\"},\"primaryImageOfPage\":{\"@id\":\"https:\\\/\\\/www.ararat-travel.com\\\/en\\\/institutional\\\/#primaryimage\"},\"image\":{\"@id\":\"https:\\\/\\\/www.ararat-travel.com\\\/en\\\/institutional\\\/#primaryimage\"},\"thumbnailUrl\":\"https:\\\/\\\/www.ararat-travel.com\\\/wp-content\\\/uploads\\\/IMG_1344-300x168.jpg\",\"datePublished\":\"2024-09-07T13:24:14+00:00\",\"dateModified\":\"2024-10-16T16:54:13+00:00\",\"description\":\"Ararat Trek Travel\u00a0 somos una agencia de viajes especializada en trekking a la famosa monta\u00f1a Ararat en entre Turqu\u00eda Ararat Travel\",\"breadcrumb\":{\"@id\":\"https:\\\/\\\/www.ararat-travel.com\\\/en\\\/institutional\\\/#breadcrumb\"},\"inLanguage\":\"en-US\",\"potentialAction\":[{\"@type\":\"ReadAction\",\"target\":[\"https:\\\/\\\/www.ararat-travel.com\\\/en\\\/institutional\\\/\"]}]},{\"@type\":\"ImageObject\",\"inLanguage\":\"en-US\",\"@id\":\"https:\\\/\\\/www.ararat-travel.com\\\/en\\\/institutional\\\/#primaryimage\",\"url\":\"https:\\\/\\\/www.ararat-travel.com\\\/wp-content\\\/uploads\\\/IMG_1344-300x168.jpg\",\"contentUrl\":\"https:\\\/\\\/www.ararat-travel.com\\\/wp-content\\\/uploads\\\/IMG_1344-300x168.jpg\"},{\"@type\":\"BreadcrumbList\",\"@id\":\"https:\\\/\\\/www.ararat-travel.com\\\/en\\\/institutional\\\/#breadcrumb\",\"itemListElement\":[{\"@type\":\"ListItem\",\"position\":1,\"name\":\"Anasayfa\",\"item\":\"https:\\\/\\\/www.ararat-travel.com\\\/en\\\/\"},{\"@type\":\"ListItem\",\"position\":2,\"name\":\"sobre de nosotros\"}]},{\"@type\":\"WebSite\",\"@id\":\"https:\\\/\\\/www.ararat-travel.com\\\/en\\\/#website\",\"url\":\"https:\\\/\\\/www.ararat-travel.com\\\/en\\\/\",\"name\":\"Expedici\u00f3n y trekking al monte Ararat\",\"description\":\"Ararat Travel\",\"potentialAction\":[{\"@type\":\"SearchAction\",\"target\":{\"@type\":\"EntryPoint\",\"urlTemplate\":\"https:\\\/\\\/www.ararat-travel.com\\\/en\\\/?s={search_term_string}\"},\"query-input\":{\"@type\":\"PropertyValueSpecification\",\"valueRequired\":true,\"valueName\":\"search_term_string\"}}],\"inLanguage\":\"en-US\"}]}<\/script>\n<!-- \/ Yoast SEO plugin. -->","yoast_head_json":{"title":"Ararat Trek Travel","description":"Ararat Trek Travel is a travel agency specializing in trekking to the famous Mount Ararat in Turkey.","robots":{"index":"index","follow":"follow","max-snippet":"max-snippet:-1","max-image-preview":"max-image-preview:large","max-video-preview":"max-video-preview:-1"},"canonical":"https:\/\/www.ararat-travel.com\/en\/institutional\/","og_locale":"en_US","og_type":"article","og_title":"Ararat Trek Travel","og_description":"Ararat Trek Travel\u00a0 somos una agencia de viajes especializada en trekking a la famosa monta\u00f1a Ararat en entre Turqu\u00eda Ararat Travel","og_url":"https:\/\/www.ararat-travel.com\/en\/institutional\/","og_site_name":"Expedici\u00f3n y trekking al monte Ararat","article_modified_time":"2024-10-16T16:54:13+00:00","og_image":[{"url":"https:\/\/www.ararat-travel.com\/wp-content\/uploads\/IMG_1344-300x168.jpg","type":"","width":"","height":""}],"twitter_card":"summary_large_image","twitter_misc":{"Est. reading time":"2 minutes"},"schema":{"@context":"https:\/\/schema.org","@graph":[{"@type":"WebPage","@id":"https:\/\/www.ararat-travel.com\/en\/institutional\/","url":"https:\/\/www.ararat-travel.com\/en\/institutional\/","name":"Ararat Trek Travel","isPartOf":{"@id":"https:\/\/www.ararat-travel.com\/en\/#website"},"primaryImageOfPage":{"@id":"https:\/\/www.ararat-travel.com\/en\/institutional\/#primaryimage"},"image":{"@id":"https:\/\/www.ararat-travel.com\/en\/institutional\/#primaryimage"},"thumbnailUrl":"https:\/\/www.ararat-travel.com\/wp-content\/uploads\/IMG_1344-300x168.jpg","datePublished":"2024-09-07T13:24:14+00:00","dateModified":"2024-10-16T16:54:13+00:00","description":"Ararat Trek Travel is a travel agency specializing in trekking to the famous Mount Ararat in Turkey.","breadcrumb":{"@id":"https:\/\/www.ararat-travel.com\/en\/institutional\/#breadcrumb"},"inLanguage":"en-US","potentialAction":[{"@type":"ReadAction","target":["https:\/\/www.ararat-travel.com\/en\/institutional\/"]}]},{"@type":"ImageObject","inLanguage":"en-US","@id":"https:\/\/www.ararat-travel.com\/en\/institutional\/#primaryimage","url":"https:\/\/www.ararat-travel.com\/wp-content\/uploads\/IMG_1344-300x168.jpg","contentUrl":"https:\/\/www.ararat-travel.com\/wp-content\/uploads\/IMG_1344-300x168.jpg"},{"@type":"BreadcrumbList","@id":"https:\/\/www.ararat-travel.com\/en\/institutional\/#breadcrumb","itemListElement":[{"@type":"ListItem","position":1,"name":"Anasayfa","item":"https:\/\/www.ararat-travel.com\/en\/"},{"@type":"ListItem","position":2,"name":"sobre de nosotros"}]},{"@type":"WebSite","@id":"https:\/\/www.ararat-travel.com\/en\/#website","url":"https:\/\/www.ararat-travel.com\/en\/","name":"Expedition and trekking to Mount Ararat","description":"Ararat Travel","potentialAction":[{"@type":"SearchAction","target":{"@type":"EntryPoint","urlTemplate":"https:\/\/www.ararat-travel.com\/en\/?s={search_term_string}"},"query-input":{"@type":"PropertyValueSpecification","valueRequired":true,"valueName":"search_term_string"}}],"inLanguage":"en-US"}]}},"_links":{"self":[{"href":"https:\/\/www.ararat-travel.com\/en\/wp-json\/wp\/v2\/pages\/69","targetHints":{"allow":["GET"]}}],"collection":[{"href":"https:\/\/www.ararat-travel.com\/en\/wp-json\/wp\/v2\/pages"}],"about":[{"href":"https:\/\/www.ararat-travel.com\/en\/wp-json\/wp\/v2\/types\/page"}],"author":[{"embeddable":true,"href":"https:\/\/www.ararat-travel.com\/en\/wp-json\/wp\/v2\/users\/1"}],"replies":[{"embeddable":true,"href":"https:\/\/www.ararat-travel.com\/en\/wp-json\/wp\/v2\/comments?post=69"}],"version-history":[{"count":0,"href":"https:\/\/www.ararat-travel.com\/en\/wp-json\/wp\/v2\/pages\/69\/revisions"}],"wp:attachment":[{"href":"https:\/\/www.ararat-travel.com\/en\/wp-json\/wp\/v2\/media?parent=69"}],"curies":[{"name":"wp","href":"https:\/\/api.w.org\/{rel}","templated":true}]}}